{"id":78,"date":"2020-12-02T23:43:10","date_gmt":"2020-12-02T22:43:10","guid":{"rendered":"http:\/\/jossconvoyage.com\/index.php\/materialis\/"},"modified":"2026-03-22T23:18:20","modified_gmt":"2026-03-22T22:18:20","slug":"materialis","status":"publish","type":"page","link":"https:\/\/jossconvoyage.com\/","title":{"rendered":"Front Page"},"content":{"rendered":"<!-- wp:extendstudio\/materialis--><div  id=\"overlappable-8\" class=\"overlappable-5-materialis content-section content-section-spacing-large\" style=\"background-color: #f5fafd;\" data-label=\"Overlappable\" data-id=\"overlappable-5-materialis\" data-export-id=\"overlappable-5-materialis\" data-category=\"overlappable\" data-overlap=\"true\">\n<div  class=\"gridContainer\">\n<div  class=\"row spaced-cols content-center-sm\" data-type=\"row\">\n<div  class=\"col-xs-12 col-sm-6 col-md-4 \">\n<div  class=\"card mdc-elevation--z3 row-card\">\n<div  class=\"row\">\n<div  class=\"col-xs-12 col-sm-fit icon-col\" data-fixed=\"true\"><\/div>\n<div  class=\"col-xs-12 col-sm\" data-type=\"column\">\n<h4  class=\"color-black\">R\u00c9ACTIVIT\u00c9<\/h4>\n<p  class=\"\">Une \u00e9quipe de 7 convoyeurs ind\u00e9pendants pour des convoyages rapides<\/p>\n\n<\/div>\n<\/div>\n<\/div>\n<\/div>\n<div  class=\"col-xs-12 col-sm-6 col-md-4 \">\n<div  class=\"card mdc-elevation--z3 row-card\">\n<div  class=\"row\">\n<div  class=\"col-xs-12 col-sm-fit icon-col\" data-fixed=\"true\"><\/div>\n<div  class=\"col-xs-12 col-sm\" data-type=\"column\">\n<h4  class=\"color-black\">QUALIT\u00c9<\/h4>\n<p  class=\"\">Assurance tous risques professionnelle<\/p>\nW garage\n\n<\/div>\n<\/div>\n<\/div>\n<\/div>\n<div  class=\"col-xs-12 col-sm-6 col-md-4 \">\n<div  class=\"card mdc-elevation--z3 row-card\">\n<div  class=\"row\">\n<div  class=\"col-xs-12 col-sm-fit icon-col\" data-fixed=\"true\"><\/div>\n<div  class=\"col-xs-12 col-sm\" data-type=\"column\">\n<h4  class=\"color-black\">PRIX<\/h4>\n<p  class=\"\">Prix tout compris : carburant, p\u00e9ages, transports, etc\u2026<\/p>\n\n<\/div>\n<\/div>\n<\/div>\n<\/div>\n<\/div>\n<\/div>\n<\/div><!-- \/wp:extendstudio\/materialis--><!-- wp:extendstudio\/materialis--><div  id=\"categories\" class=\"features-16 content-section content-section-spacing-large\" style=\"background-color: #ffffff;\" data-label=\"categories\" data-id=\"features--1\" data-export-id=\"features-16\" data-category=\"features\">\n<div  class=\"gridContainer\">\n<div  class=\"row text-center\">\n<div  class=\"section-title-col\" data-type=\"column\">\n<h2  class=\"\">Cat\u00e9gories de v\u00e9hicules convoy\u00e9s<\/h2>\n<\/div>\n<\/div>\n<div  class=\"row spaced-cols center-sm content-center-sm\" data-type=\"row\">\n<div  class=\"col-xs-12 col-sm-6 col-md-4 space-bottom\"><img  decoding=\"async\" class=\"face mdc-elevation--z3 lazyload\" data-src=\"https:\/\/jossconvoyage.com\/wp-content\/uploads\/2026\/02\/cropped-9F90AF6E-6F08-4ACD-9D5D-C1F82BEC45B9.jpg\" src=\"data:image\/svg+xml;base64,PHN2ZyB3aWR0aD0iMSIgaGVpZ2h0PSIxIiB4bWxucz0iaHR0cDovL3d3dy53My5vcmcvMjAwMC9zdmciPjwvc3ZnPg==\" style=\"--smush-placeholder-width: 1043px; --smush-placeholder-aspect-ratio: 1043\/675;\">\n<div  class=\"col-padding-small col-padding-small-xs description-container\" data-type=\"column\">\n<h4  class=\"font-500\">V\u00e9hicules de tourisme<\/h4>\n<p  class=\"\">Tous les v\u00e9hicules de tourisme, \u00e0 usage personnel ou professionnel.<\/p>\n\n<\/div>\n<\/div>\n<div  class=\"col-xs-12 col-sm-6 col-md-4 space-bottom\"><img  decoding=\"async\" class=\"face mdc-elevation--z3 lazyload\" data-src=\"https:\/\/jossconvoyage.com\/wp-content\/uploads\/2026\/02\/cropped-F9FB1154-BD24-4AE3-AB2E-A9ADF7635997.jpg\" src=\"data:image\/svg+xml;base64,PHN2ZyB3aWR0aD0iMSIgaGVpZ2h0PSIxIiB4bWxucz0iaHR0cDovL3d3dy53My5vcmcvMjAwMC9zdmciPjwvc3ZnPg==\" style=\"--smush-placeholder-width: 1145px; --smush-placeholder-aspect-ratio: 1145\/708;\">\n<div  class=\"col-padding-small col-padding-small-xs description-container\" data-type=\"column\">\n<h4  class=\"font-500\">V\u00e9hicules utilitaires<\/h4>\n<p  class=\"\">Tous les v\u00e9hicules utilitaires<\/p>\nde moins de 3,5 tonnes\n\n<\/div>\n<\/div>\n<div  class=\"col-xs-12 col-sm-6 col-md-4 space-bottom\"><img  decoding=\"async\" class=\"face mdc-elevation--z3 lazyload\" data-src=\"https:\/\/jossconvoyage.com\/wp-content\/uploads\/2026\/01\/1653567731598.jpg\" src=\"data:image\/svg+xml;base64,PHN2ZyB3aWR0aD0iMSIgaGVpZ2h0PSIxIiB4bWxucz0iaHR0cDovL3d3dy53My5vcmcvMjAwMC9zdmciPjwvc3ZnPg==\" style=\"--smush-placeholder-width: 800px; --smush-placeholder-aspect-ratio: 800\/494;\">\n<div  class=\"col-padding-small col-padding-small-xs description-container\" data-type=\"column\">\n<h4  class=\"font-500\">Fourgon am\u00e9nag\u00e9s<\/h4>\n<p  class=\"\">Food-trucks<\/p>\njusqu\u2019\u00e0 3,5 tonnes\n\n<\/div>\n<\/div>\n<\/div>\n<\/div>\n<\/div><!-- \/wp:extendstudio\/materialis--><!-- wp:extendstudio\/materialis--><div  id=\"convoyage-de-vhicules\" class=\"about-4 content-section content-section-spacing-large\" style=\"background-color: #ffffff; background-image: none;\" data-label=\"convoyage de vhicules\" data-id=\"about-4\" data-export-id=\"about-4\" data-category=\"about\">\n<div  class=\"\">\n<div  class=\"row middle-sm text-center\">\n<div  class=\"col-sm-5 space-bottom-xs\" data-type=\"column\">\n<h5  class=\"\">CONVOYAGE DE V\u00c9HICULES<\/h5>\n<p  class=\"\" style=\"text-align: center;\">Professionnel ou particulier, vous avez besoin de livrer, transf\u00e9rer ou d\u00e9placer, une voiture, un camping-car, ou un utilitaire jusqu\u2019\u00e0 3,5 tonnes.<\/p>\n<p  style=\"text-align: center;\" class=\"\">Le convoyage est la solution pour vous car il permet le transfert de v\u00e9hicules de porte \u00e0 porte dans des d\u00e9lais tr\u00e8s courts.<\/p>\n<p  style=\"text-align: center;\" class=\"\">Joss Convoyage est une \u00e9quipe de convoyeurs ind\u00e9pendants.<\/p>\n<p  style=\"text-align: center;\" class=\"\">Nous venons chercher le v\u00e9hicule l\u00e0 o\u00f9 il se trouve\net nous le conduisons par la route l\u00e0 o\u00f9 vous d\u00e9sirez :<\/p>\n<p  style=\"text-align: center;\" class=\"\">\u2013 intervention rapide suivant disponibilit\u00e9s,<\/p>\n<p  style=\"text-align: center;\" class=\"\">\u2013 acc\u00e8s facile \u00e0 tous lieux de r\u00e9cup\u00e9ration et de livraison,<\/p>\n<p  style=\"text-align: center;\" class=\"\">\u2013 respect des d\u00e9lais de livraison,<\/p>\n<p  style=\"text-align: center;\" class=\"\">\u2013 g\u00e9olocalisation en temps r\u00e9el sur demande<\/p>\n<p  style=\"text-align: center;\" class=\"\">Cliquez ci-dessous pour demander un devis gratuit :<\/p>\n<p  style=\"text-align: center;\" class=\"\"><a  class=\"button big color1 mdc-ripple-upgraded\" href=\"https:\/\/jossconvoyage.com?page_id=158#page-top\" target=\"_blank\" rel=\"noopener noreferrer\" data-cp-link=\"1\">CLIQUEZ ICI<\/a><\/p>\n\n<\/div>\n<div  class=\"col-sm-7 flexbox center-xs middle-xs image-group-2-img padding-top-bottom\"><img  decoding=\"async\" class=\"img-1 rounded mdc-elevation--z10 lazyload\" data-src=\"https:\/\/jossconvoyage.com\/wp-content\/uploads\/2026\/02\/cropped-IMG-20260205-WA0006-1.jpg\" data-size=\"250x200\" src=\"data:image\/svg+xml;base64,PHN2ZyB3aWR0aD0iMSIgaGVpZ2h0PSIxIiB4bWxucz0iaHR0cDovL3d3dy53My5vcmcvMjAwMC9zdmciPjwvc3ZnPg==\" style=\"--smush-placeholder-width: 1541px; --smush-placeholder-aspect-ratio: 1541\/1235;\"> <img  decoding=\"async\" class=\"img-2 rounded mdc-elevation--z10 lazyload\" data-src=\"https:\/\/jossconvoyage.com\/wp-content\/uploads\/2025\/03\/cropped-DS4-1.jpg\" data-size=\"220x170\" src=\"data:image\/svg+xml;base64,PHN2ZyB3aWR0aD0iMSIgaGVpZ2h0PSIxIiB4bWxucz0iaHR0cDovL3d3dy53My5vcmcvMjAwMC9zdmciPjwvc3ZnPg==\" style=\"--smush-placeholder-width: 1153px; --smush-placeholder-aspect-ratio: 1153\/891;\"><\/div>\n<\/div>\n<\/div>\n<\/div><!-- \/wp:extendstudio\/materialis--><!-- wp:extendstudio\/materialis--><div  id=\"mes-engagements\" class=\"features-10m content-section-spacing-large content-section\" style=\"background-color: #ffffff;\" data-label=\"Mes engagements\" data-id=\"features-10-materialis\" data-export-id=\"features-10-materialis\" data-category=\"features\">\n<div  class=\"gridContainer\">\n<div  class=\"row\">\n<div  class=\"section-title-col\" data-type=\"column\">\n<h2  class=\"\">Nos engagements<\/h2>\n<p  class=\"\">Chauffeurs professionnels, nous nous engageons dans une d\u00e9marche de qualit\u00e9 :<\/p>\n\n<\/div>\n<\/div>\n<div  class=\"row \">\n<div  class=\"col-xs-12 col-md-10 col-md-offset-1\">\n<div  class=\"row space-top spaced-cols content-center-sm\" data-type=\"row\" data-max-items=\"4\">\n<div  class=\"col-xs-10 col-md-4 col-sm-6 col-sm-offset-0 col-xs-offset-1\">\n<div  class=\"card no-radius mdc-elevation--z1 y-move bg-color-white padding-24 bordered\" data-type=\"column\"><i  class=\"mdi icon color1 mdi-steering bordered round big\"><\/i>\n<h6  class=\"\">Chauffeurs professionnels<\/h6>\n<p  class=\"lead\">Chauffeurs professionnels, nous prenons personnellement en charge votre v\u00e9hicule pendant toute la dur\u00e9e du convoyage.<\/p>\n\n<\/div>\n<\/div>\n<div  class=\"col-xs-10 col-md-4 col-sm-6 col-sm-offset-0 col-xs-offset-1\">\n<div  class=\"card no-radius mdc-elevation--z1 y-move bg-color-white padding-24 bordered\" data-type=\"column\"><i  class=\"mdi icon color1 mdi-lead-pencil bordered round big\"><\/i>\n<h6  class=\"\">Assurance tous risques<\/h6>\n<p  class=\"lead\">Pendant toute la dur\u00e9e du convoyage les v\u00e9hicules convoy\u00e9s sont couverts par nos assurances tous risques professionnelles.<\/p>\n\n<\/div>\n<\/div>\n<div  class=\"col-xs-10 col-md-4 col-sm-6 col-sm-offset-0 col-xs-offset-1\">\n<div  class=\"card no-radius mdc-elevation--z1 y-move bg-color-white padding-24 bordered\" data-type=\"column\"><i  class=\"mdi icon color1 mdi-alert-octagon bordered round big\"><\/i>\n<h6  class=\"\">Convoyage sous W-garage<\/h6>\n<p  class=\"lead\">Votre v\u00e9hicule roule sous couvert de nos W-garage personnels pour vous prot\u00e9ger de toute mauvaise surprise.<\/p>\n\n<\/div>\n<\/div>\n<div  class=\"col-xs-10 col-md-4 col-sm-6 col-sm-offset-0 col-xs-offset-1\">\n<div  class=\"card no-radius mdc-elevation--z1 y-move bg-color-white padding-24 bordered\" data-type=\"column\"><i  class=\"mdi icon color1 mdi-currency-eur bordered round big\"><\/i>\n<h6  class=\"\">Prix sans surprise<\/h6>\n<p  class=\"lead\">Le prix d\u00e9fini lors du devis comprend tous les frais de la prestation : transports, p\u00e9age, carburant, restauration, etc\u2026<\/p>\n\n<\/div>\n<\/div>\n<div  class=\"col-md-4 col-sm-6 col-sm-offset-0 col-xs-10 col-xs-offset-1\">\n<div  class=\"card no-radius mdc-elevation--z1 y-move bg-color-white padding-24 bordered\" data-type=\"column\"><i  class=\"mdi icon color1 mdi-steering bordered round big\"><\/i>\n<h6  class=\"\">Conduite respectueuse<\/h6>\n<p  class=\"lead\">Professionnels de la conduite, nous respectons la m\u00e9canique de votre v\u00e9hicule comme si c\u2019\u00e9tait le notre.<\/p>\n\n<\/div>\n<\/div>\n<div  class=\"col-md-4 col-sm-6 col-sm-offset-0 col-xs-10 col-xs-offset-1\">\n<div  class=\"card no-radius mdc-elevation--z1 y-move bg-color-white padding-24 bordered\" data-type=\"column\"><i  class=\"mdi icon color1 mdi-cellphone-wireless bordered round big\"><\/i>\n<h6  class=\"\">R\u00e9activit\u00e9<\/h6>\n<p  class=\"lead\">Convoyage rapide possible en cas d\u2019urgence gr\u00e2ce \u00e0 notre \u00e9quipe de convoyeurs ind\u00e9pendants<\/p>\n\n<\/div>\n<\/div>\n<\/div>\n<\/div>\n<\/div>\n<\/div>\n<\/div><!-- \/wp:extendstudio\/materialis--><!-- wp:extendstudio\/materialis--><div  id=\"about-7\" class=\"about-1 content-section content-section-spacing-large\" style=\"background-color: #f5fafd;\" data-label=\"About\" data-id=\"about--1\" data-export-id=\"about-1\" data-category=\"about\">\n<div  class=\"gridContainer\">\n<div  class=\"row col-xs-12\">\n<div  class=\"section-title-col\" data-type=\"column\">\n<p  class=\"\">NOUVEAUT\u00c9 2021 : possibilit\u00e9 de r\u00e9glement par CB physique ou par lien avec Sumup<\/p>\n<img  decoding=\"async\" class=\"custom-image lazyload\" data-src=\"https:\/\/jossconvoyage.com\/wp-content\/uploads\/2021\/03\/default-1.jpg\" src=\"data:image\/svg+xml;base64,PHN2ZyB3aWR0aD0iMSIgaGVpZ2h0PSIxIiB4bWxucz0iaHR0cDovL3d3dy53My5vcmcvMjAwMC9zdmciPjwvc3ZnPg==\" style=\"--smush-placeholder-width: 300px; --smush-placeholder-aspect-ratio: 300\/298;\">\n\n<\/div>\n<\/div>\n<div  class=\"row col-xs-12\">\n<div  class=\"button-holder space-bottom space-bottom-small\" data-type=\"column\"><a  class=\"button big color1 font-500 mdc-ripple-upgraded\" href=\"https:\/\/jossconvoyage.com?page_id=158#page-top\" target=\"_self\" rel=\"noopener noreferrer\" data-cp-link=\"1\">DEMANDEZ UN DEVIS GRATUIT<\/a><\/div>\n<div  class=\"col-xs bottom-xs flexbox image-group-bottom-3-img center-xs\"><img  decoding=\"async\" class=\"left-img mdc-elevation--z10 rounded-topleft-topright lazyload\" data-src=\"https:\/\/jossconvoyage.com\/wp-content\/uploads\/2026\/02\/cropped-IMG-20260202-WA0000.jpg\" data-size=\"400x275\" src=\"data:image\/svg+xml;base64,PHN2ZyB3aWR0aD0iMSIgaGVpZ2h0PSIxIiB4bWxucz0iaHR0cDovL3d3dy53My5vcmcvMjAwMC9zdmciPjwvc3ZnPg==\" style=\"--smush-placeholder-width: 1514px; --smush-placeholder-aspect-ratio: 1514\/1040;\"> <img  decoding=\"async\" class=\"center-img mdc-elevation--z10 rounded-topleft-topright lazyload\" data-src=\"https:\/\/jossconvoyage.com\/wp-content\/uploads\/2026\/02\/cropped-e8eb5c7e-76c5-45f4-aedf-caecb4a9a2f8.jpeg\" data-size=\"500x325\" src=\"data:image\/svg+xml;base64,PHN2ZyB3aWR0aD0iMSIgaGVpZ2h0PSIxIiB4bWxucz0iaHR0cDovL3d3dy53My5vcmcvMjAwMC9zdmciPjwvc3ZnPg==\" style=\"--smush-placeholder-width: 1111px; --smush-placeholder-aspect-ratio: 1111\/865;\"> <img  decoding=\"async\" class=\"right-img mdc-elevation--z10 rounded-topleft-topright lazyload\" data-src=\"https:\/\/jossconvoyage.com\/wp-content\/uploads\/2026\/02\/cropped-5838e208-fb58-4d70-b912-12276aac6184.jpeg\" data-size=\"400x275\" src=\"data:image\/svg+xml;base64,PHN2ZyB3aWR0aD0iMSIgaGVpZ2h0PSIxIiB4bWxucz0iaHR0cDovL3d3dy53My5vcmcvMjAwMC9zdmciPjwvc3ZnPg==\" style=\"--smush-placeholder-width: 1094px; --smush-placeholder-aspect-ratio: 1094\/754;\"><\/div>\n<\/div>\n<\/div>\n<\/div><!-- \/wp:extendstudio\/materialis-->","protected":false},"excerpt":{"rendered":"<p>R\u00c9ACTIVIT\u00c9 Une \u00e9quipe de 7 convoyeurs ind\u00e9pendants pour des convoyages rapides QUALIT\u00c9 Assurance tous risques professionnelle W garage PRIX Prix tout compris : carburant, p\u00e9ages, transports, etc\u2026 Cat\u00e9gories de v\u00e9hicules convoy\u00e9s V\u00e9hicules de tourisme Tous les v\u00e9hicules de tourisme, \u00e0 usage personnel ou professionnel. V\u00e9hicules utilitaires Tous les v\u00e9hicules utilitaires de moins de 3,5 tonnes&nbsp;&hellip;<\/p>\n","protected":false},"author":1,"featured_media":0,"parent":0,"menu_order":0,"comment_status":"closed","ping_status":"closed","template":"page-templates\/homepage.php","meta":{"footnotes":""},"class_list":["post-78","page","type-page","status-publish","hentry"],"_links":{"self":[{"href":"https:\/\/jossconvoyage.com\/index.php?rest_route=\/wp\/v2\/pages\/78","targetHints":{"allow":["GET"]}}],"collection":[{"href":"https:\/\/jossconvoyage.com\/index.php?rest_route=\/wp\/v2\/pages"}],"about":[{"href":"https:\/\/jossconvoyage.com\/index.php?rest_route=\/wp\/v2\/types\/page"}],"author":[{"embeddable":true,"href":"https:\/\/jossconvoyage.com\/index.php?rest_route=\/wp\/v2\/users\/1"}],"replies":[{"embeddable":true,"href":"https:\/\/jossconvoyage.com\/index.php?rest_route=%2Fwp%2Fv2%2Fcomments&post=78"}],"version-history":[{"count":0,"href":"https:\/\/jossconvoyage.com\/index.php?rest_route=\/wp\/v2\/pages\/78\/revisions"}],"wp:attachment":[{"href":"https:\/\/jossconvoyage.com\/index.php?rest_route=%2Fwp%2Fv2%2Fmedia&parent=78"}],"curies":[{"name":"wp","href":"https:\/\/api.w.org\/{rel}","templated":true}]}}