{"id":158,"date":"2021-02-06T17:21:18","date_gmt":"2021-02-06T16:21:18","guid":{"rendered":"http:\/\/jossconvoyage.com\/?page_id=158"},"modified":"2022-07-31T15:06:23","modified_gmt":"2022-07-31T13:06:23","slug":"demande-de-devis-de-convoyage","status":"publish","type":"page","link":"https:\/\/jossconvoyage.com\/?page_id=158","title":{"rendered":"Demande de devis"},"content":{"rendered":"\n<p class=\"has-text-align-center\"><mark style=\"background-color:rgba(0, 0, 0, 0)\" class=\"has-inline-color has-black-color\">Chaque convoyage est diff\u00e9rent : la distance, le v\u00e9hicule, la date souhait\u00e9e, etc&#8230;<\/mark><\/p>\n\n\n\n<p class=\"has-text-align-center\"><mark style=\"background-color:rgba(0, 0, 0, 0)\" class=\"has-inline-color has-black-color\">Compl\u00e9tez ce formulaire afin que je puisse vous renseigner au mieux sur les conditions et le prix de votre convoyage. N&rsquo;h\u00e9sitez pas \u00e0 indiquer le plus de d\u00e9tails possible.<\/mark> <\/p>\n\n\n\n<p class=\"has-text-align-center\"><mark style=\"background-color:rgba(0, 0, 0, 0)\" class=\"has-inline-color has-black-color\">Je vous r\u00e9pondrai dans les 24 heures. En cas de besoin je vous appellerai pour pr\u00e9ciser votre demande.<\/mark><\/p>\n\n\n\n<p class=\"has-text-align-center\">&#8212;<\/p>\n\n\n\n<p class=\"has-text-align-center\"><mark style=\"background-color:rgba(0, 0, 0, 0)\" class=\"has-inline-color has-black-color\"><strong>IMPORTANT : <\/strong><\/mark><\/p>\n\n\n\n<p class=\"has-text-align-center\"><mark style=\"background-color:rgba(0, 0, 0, 0)\" class=\"has-inline-color has-black-color\">Le v\u00e9hicule \u00e0 convoyer doit \u00eatre en r\u00e8gle pour prendre la route.<\/mark><\/p>\n\n\n\n<p class=\"has-text-align-center\"><mark style=\"background-color:rgba(0, 0, 0, 0)\" class=\"has-inline-color has-black-color\">Le v\u00e9hicule \u00e0 convoyer doit \u00eatre en bon \u00e9tat m\u00e9canique et apte \u00e0 effectuer la distance demand\u00e9e.<\/mark><\/p>\n\n\n\n<div class=\"forminator-guttenberg\"><form id=\"forminator-module-159\" class=\"forminator-custom-form forminator-custom-form-159\" method=\"post\" data-forminator-render=\"0\" data-uid=\"69e4fe1d43e83\"><div role=\"alert\" aria-live=\"polite\" class=\"forminator-response-message forminator-error\" aria-hidden=\"true\"><\/div><\/form><\/div>\n\n\n\n<p class=\"has-text-align-center\">Joss Convoyage s&rsquo;engage \u00e0 ne pas divulguer, donner ou vendre les coordonn\u00e9es postales, t\u00e9l\u00e9phoniques et-ou internet de ses clients et partenaires. <\/p>\n\n\n\n<p class=\"has-text-align-center\">Celles-ci resteront \u00e0 usage unique de nos relations professionnelles.  <\/p>\n\n\n\n<p class=\"has-text-align-center\">Joss Convoyage s&rsquo;engage \u00e0 effacer vos coordonn\u00e9es sur simple demande par mail \u00e0 l&rsquo;adresse : <a href=\"mailto:jossconvoyage@gmail.com\" target=\"_blank\" rel=\"noreferrer noopener\">jossconvoyage@gmail.com<\/a><\/p>\n","protected":false},"excerpt":{"rendered":"<p>Chaque convoyage est diff\u00e9rent : la distance, le v\u00e9hicule, la date souhait\u00e9e, etc&#8230; Compl\u00e9tez ce formulaire afin que je puisse vous renseigner au mieux sur les conditions et le prix de votre convoyage. N&rsquo;h\u00e9sitez pas \u00e0 indiquer le plus de d\u00e9tails possible. Je vous r\u00e9pondrai dans les 24 heures. En cas de besoin je vous&nbsp;&hellip;<\/p>\n","protected":false},"author":1,"featured_media":0,"parent":0,"menu_order":0,"comment_status":"closed","ping_status":"closed","template":"","meta":{"footnotes":""},"class_list":["post-158","page","type-page","status-publish","hentry"],"_links":{"self":[{"href":"https:\/\/jossconvoyage.com\/index.php?rest_route=\/wp\/v2\/pages\/158","targetHints":{"allow":["GET"]}}],"collection":[{"href":"https:\/\/jossconvoyage.com\/index.php?rest_route=\/wp\/v2\/pages"}],"about":[{"href":"https:\/\/jossconvoyage.com\/index.php?rest_route=\/wp\/v2\/types\/page"}],"author":[{"embeddable":true,"href":"https:\/\/jossconvoyage.com\/index.php?rest_route=\/wp\/v2\/users\/1"}],"replies":[{"embeddable":true,"href":"https:\/\/jossconvoyage.com\/index.php?rest_route=%2Fwp%2Fv2%2Fcomments&post=158"}],"version-history":[{"count":0,"href":"https:\/\/jossconvoyage.com\/index.php?rest_route=\/wp\/v2\/pages\/158\/revisions"}],"wp:attachment":[{"href":"https:\/\/jossconvoyage.com\/index.php?rest_route=%2Fwp%2Fv2%2Fmedia&parent=158"}],"curies":[{"name":"wp","href":"https:\/\/api.w.org\/{rel}","templated":true}]}}