{"id":10061,"date":"2025-06-10T21:59:57","date_gmt":"2025-06-10T19:59:57","guid":{"rendered":"https:\/\/jossconvoyage.com\/?page_id=10061"},"modified":"2026-01-04T15:12:17","modified_gmt":"2026-01-04T14:12:17","slug":"lequipe","status":"publish","type":"page","link":"https:\/\/jossconvoyage.com\/?page_id=10061","title":{"rendered":"L&rsquo;\u00e9quipe"},"content":{"rendered":"\n<div class=\"wp-block-columns is-layout-flex wp-container-core-columns-is-layout-9d6595d7 wp-block-columns-is-layout-flex\">\n<div class=\"wp-block-column is-layout-flow wp-block-column-is-layout-flow\">\n<p>La force de notre \u00e9quipe c&rsquo;est de pouvoir \u00eatre tr\u00e8s r\u00e9actifs en cas de besoin urgent en plus de proposer des d\u00e9lais raisonnables pour vos convoyages.<\/p>\n\n\n\n<p>Cerise sur le g\u00e2teau, en faisant appel \u00e0 Joss Convoyage pour livrer ou aller chercher votre v\u00e9hicule, vous savez qui effectuera le convoyage et vous savez qu&rsquo;il sera en de bonnes mains.<\/p>\n\n\n\n<p>Nous sommes tous titulaires de notre plaque w-garage personnelle et d&rsquo;une assurance circulation garantissant vos v\u00e9hicules jusqu&rsquo;\u00e0 80 000 \u20ac (150 000 \u20ac pour Jocelyn).<\/p>\n\n\n\n<p>Nous avons tous le m\u00eame objectif de service et de qualit\u00e9.<\/p>\n\n\n\n<p><\/p>\n<\/div>\n<\/div>\n\n\n\n<div class=\"wp-block-columns is-layout-flex wp-container-core-columns-is-layout-9d6595d7 wp-block-columns-is-layout-flex\">\n<div class=\"wp-block-column is-layout-flow wp-block-column-is-layout-flow\">\n<figure class=\"wp-block-image size-large is-resized\"><img decoding=\"async\" width=\"799\" height=\"1024\" data-src=\"https:\/\/jossconvoyage.com\/wp-content\/uploads\/2025\/06\/Document-numerise-1-799x1024.jpeg\" alt=\"\" class=\"wp-image-10069 lazyload\" style=\"--smush-placeholder-width: 799px; --smush-placeholder-aspect-ratio: 799\/1024;width:257px;height:auto\" data-srcset=\"https:\/\/jossconvoyage.com\/wp-content\/uploads\/2025\/06\/Document-numerise-1-799x1024.jpeg 799w, https:\/\/jossconvoyage.com\/wp-content\/uploads\/2025\/06\/Document-numerise-1-234x300.jpeg 234w, https:\/\/jossconvoyage.com\/wp-content\/uploads\/2025\/06\/Document-numerise-1-768x984.jpeg 768w, https:\/\/jossconvoyage.com\/wp-content\/uploads\/2025\/06\/Document-numerise-1-843x1080.jpeg 843w, https:\/\/jossconvoyage.com\/wp-content\/uploads\/2025\/06\/Document-numerise-1.jpeg 1056w\" data-sizes=\"(max-width: 799px) 100vw, 799px\" src=\"data:image\/svg+xml;base64,PHN2ZyB3aWR0aD0iMSIgaGVpZ2h0PSIxIiB4bWxucz0iaHR0cDovL3d3dy53My5vcmcvMjAwMC9zdmciPjwvc3ZnPg==\" \/><\/figure>\n<\/div>\n\n\n\n<div class=\"wp-block-column is-layout-flow wp-block-column-is-layout-flow\">\n<h2 class=\"wp-block-heading\">Jocelyn<\/h2>\n\n\n\n<p>Boulogne sur mer (62)<\/p>\n\n\n\n<p>Cr\u00e9ateur de Joss Convoyage<\/p>\n\n\n\n<p>Convoyeur ind\u00e9pendant VL \/ VUL<\/p>\n<\/div>\n<\/div>\n\n\n\n<div class=\"wp-block-columns is-layout-flex wp-container-core-columns-is-layout-9d6595d7 wp-block-columns-is-layout-flex\">\n<div class=\"wp-block-column is-layout-flow wp-block-column-is-layout-flow\">\n<figure class=\"wp-block-image size-full is-resized\"><img decoding=\"async\" width=\"300\" height=\"346\" data-src=\"https:\/\/jossconvoyage.com\/wp-content\/uploads\/2025\/06\/damien.jpeg\" alt=\"\" class=\"wp-image-10067 lazyload\" style=\"--smush-placeholder-width: 300px; --smush-placeholder-aspect-ratio: 300\/346;width:261px;height:auto\" data-srcset=\"https:\/\/jossconvoyage.com\/wp-content\/uploads\/2025\/06\/damien.jpeg 300w, https:\/\/jossconvoyage.com\/wp-content\/uploads\/2025\/06\/damien-260x300.jpeg 260w\" data-sizes=\"(max-width: 300px) 100vw, 300px\" src=\"data:image\/svg+xml;base64,PHN2ZyB3aWR0aD0iMSIgaGVpZ2h0PSIxIiB4bWxucz0iaHR0cDovL3d3dy53My5vcmcvMjAwMC9zdmciPjwvc3ZnPg==\" \/><\/figure>\n<\/div>\n\n\n\n<div class=\"wp-block-column is-layout-flow wp-block-column-is-layout-flow\">\n<h2 class=\"wp-block-heading\">Damien<\/h2>\n\n\n\n<p>Arras (62)<\/p>\n\n\n\n<p>Convoyeur ind\u00e9pendant VL \/ VUL<\/p>\n<\/div>\n<\/div>\n\n\n\n<div class=\"wp-block-columns is-layout-flex wp-container-core-columns-is-layout-9d6595d7 wp-block-columns-is-layout-flex\">\n<div class=\"wp-block-column is-layout-flow wp-block-column-is-layout-flow\">\n<figure class=\"wp-block-image size-full is-resized\"><img decoding=\"async\" width=\"300\" height=\"411\" data-src=\"https:\/\/jossconvoyage.com\/wp-content\/uploads\/2025\/06\/Didier300.jpeg\" alt=\"\" class=\"wp-image-10068 lazyload\" style=\"--smush-placeholder-width: 300px; --smush-placeholder-aspect-ratio: 300\/411;width:264px;height:auto\" data-srcset=\"https:\/\/jossconvoyage.com\/wp-content\/uploads\/2025\/06\/Didier300.jpeg 300w, https:\/\/jossconvoyage.com\/wp-content\/uploads\/2025\/06\/Didier300-219x300.jpeg 219w\" data-sizes=\"(max-width: 300px) 100vw, 300px\" src=\"data:image\/svg+xml;base64,PHN2ZyB3aWR0aD0iMSIgaGVpZ2h0PSIxIiB4bWxucz0iaHR0cDovL3d3dy53My5vcmcvMjAwMC9zdmciPjwvc3ZnPg==\" \/><\/figure>\n<\/div>\n\n\n\n<div class=\"wp-block-column is-layout-flow wp-block-column-is-layout-flow\">\n<h2 class=\"wp-block-heading\">Didier<\/h2>\n\n\n\n<p>Hazebrouck (59)<\/p>\n\n\n\n<p>Convoyeur ind\u00e9pendant VL \/ VUL<\/p>\n<\/div>\n<\/div>\n\n\n\n<div class=\"wp-block-columns is-layout-flex wp-container-core-columns-is-layout-9d6595d7 wp-block-columns-is-layout-flex\">\n<div class=\"wp-block-column is-layout-flow wp-block-column-is-layout-flow\"><\/div>\n<\/div>\n\n\n\n<div class=\"wp-block-columns is-layout-flex wp-container-core-columns-is-layout-9d6595d7 wp-block-columns-is-layout-flex\">\n<div class=\"wp-block-column is-layout-flow wp-block-column-is-layout-flow\"><\/div>\n\n\n\n<div class=\"wp-block-column is-layout-flow wp-block-column-is-layout-flow\">\n<h2 class=\"wp-block-heading\">Fran\u00e7ois<\/h2>\n\n\n\n<p>Eperlecques (62)<\/p>\n\n\n\n<p>Convoyeur ind\u00e9pendant VL \/ VUL<\/p>\n<\/div>\n<\/div>\n\n\n\n<div class=\"wp-block-columns is-layout-flex wp-container-core-columns-is-layout-9d6595d7 wp-block-columns-is-layout-flex\">\n<div class=\"wp-block-column is-layout-flow wp-block-column-is-layout-flow\"><\/div>\n\n\n\n<div class=\"wp-block-column is-layout-flow wp-block-column-is-layout-flow\">\n<h2 class=\"wp-block-heading\">Jeremy<\/h2>\n\n\n\n<p>Douai (59)<\/p>\n\n\n\n<p>Convoyeur ind\u00e9pendant VL \/ VUL<\/p>\n<\/div>\n<\/div>\n\n\n\n<p><\/p>\n","protected":false},"excerpt":{"rendered":"<p>La force de notre \u00e9quipe c&rsquo;est de pouvoir \u00eatre tr\u00e8s r\u00e9actifs en cas de besoin urgent en plus de proposer des d\u00e9lais raisonnables pour vos convoyages. Cerise sur le g\u00e2teau, en faisant appel \u00e0 Joss Convoyage pour livrer ou aller chercher votre v\u00e9hicule, vous savez qui effectuera le convoyage et vous savez qu&rsquo;il sera en&nbsp;&hellip;<\/p>\n","protected":false},"author":1,"featured_media":0,"parent":0,"menu_order":0,"comment_status":"closed","ping_status":"closed","template":"","meta":{"footnotes":""},"class_list":["post-10061","page","type-page","status-publish","hentry"],"_links":{"self":[{"href":"https:\/\/jossconvoyage.com\/index.php?rest_route=\/wp\/v2\/pages\/10061","targetHints":{"allow":["GET"]}}],"collection":[{"href":"https:\/\/jossconvoyage.com\/index.php?rest_route=\/wp\/v2\/pages"}],"about":[{"href":"https:\/\/jossconvoyage.com\/index.php?rest_route=\/wp\/v2\/types\/page"}],"author":[{"embeddable":true,"href":"https:\/\/jossconvoyage.com\/index.php?rest_route=\/wp\/v2\/users\/1"}],"replies":[{"embeddable":true,"href":"https:\/\/jossconvoyage.com\/index.php?rest_route=%2Fwp%2Fv2%2Fcomments&post=10061"}],"version-history":[{"count":0,"href":"https:\/\/jossconvoyage.com\/index.php?rest_route=\/wp\/v2\/pages\/10061\/revisions"}],"wp:attachment":[{"href":"https:\/\/jossconvoyage.com\/index.php?rest_route=%2Fwp%2Fv2%2Fmedia&parent=10061"}],"curies":[{"name":"wp","href":"https:\/\/api.w.org\/{rel}","templated":true}]}}